{"id":117,"date":"2024-04-15T07:02:04","date_gmt":"2024-04-15T07:02:04","guid":{"rendered":"https:\/\/lanwood.ro\/?page_id=117"},"modified":"2024-04-15T07:15:19","modified_gmt":"2024-04-15T07:15:19","slug":"portofoliul-lanwood","status":"publish","type":"page","link":"https:\/\/lanwood.ro\/index.php\/portofoliul-lanwood\/","title":{"rendered":"Portofoliul LanWood"},"content":{"rendered":"\n<div class=\"wp-block-group alignwide has-global-padding is-layout-constrained wp-block-group-is-layout-constrained\">\n<h1 class=\"wp-block-heading alignwide has-xx-large-font-size\" style=\"line-height:1.2\"><\/h1>\n<\/div>\n\n\n\n<div class=\"wp-block-group alignfull has-accent-background-color has-background has-global-padding is-layout-constrained wp-block-group-is-layout-constrained\" style=\"margin-top:0;margin-bottom:0;padding-top:var(--wp--preset--spacing--50);padding-right:var(--wp--preset--spacing--50);padding-bottom:var(--wp--preset--spacing--50);padding-left:var(--wp--preset--spacing--50)\">\n<div class=\"wp-block-columns alignwide is-layout-flex wp-container-core-columns-layout-1 wp-block-columns-is-layout-flex\" style=\"margin-top:0;margin-bottom:0\">\n<div class=\"wp-block-column is-layout-flow wp-container-core-column-layout-1 wp-block-column-is-layout-flow\">\n<figure class=\"wp-block-image size-large is-style-rounded\"><img loading=\"lazy\" decoding=\"async\" width=\"1024\" height=\"768\" src=\"https:\/\/lanwood.ro\/wp-content\/uploads\/2024\/04\/IMG_8353-1024x768.jpeg\" alt=\"\" class=\"wp-image-65\" style=\"aspect-ratio:4\/3;object-fit:cover\" srcset=\"https:\/\/lanwood.ro\/wp-content\/uploads\/2024\/04\/IMG_8353-1024x768.jpeg 1024w, https:\/\/lanwood.ro\/wp-content\/uploads\/2024\/04\/IMG_8353-300x225.jpeg 300w, https:\/\/lanwood.ro\/wp-content\/uploads\/2024\/04\/IMG_8353-768x576.jpeg 768w, https:\/\/lanwood.ro\/wp-content\/uploads\/2024\/04\/IMG_8353.jpeg 1440w\" sizes=\"(max-width: 1024px) 100vw, 1024px\" \/><\/figure>\n\n\n\n<div style=\"height:var(--wp--preset--spacing--50)\" aria-hidden=\"true\" class=\"wp-block-spacer\"><\/div>\n\n\n\n<figure class=\"wp-block-image size-large is-style-rounded\"><img loading=\"lazy\" decoding=\"async\" width=\"1024\" height=\"727\" src=\"https:\/\/lanwood.ro\/wp-content\/uploads\/2024\/04\/IMG_8359-1024x727.jpeg\" alt=\"\" class=\"wp-image-71\" style=\"aspect-ratio:3\/4;object-fit:cover\" srcset=\"https:\/\/lanwood.ro\/wp-content\/uploads\/2024\/04\/IMG_8359-1024x727.jpeg 1024w, https:\/\/lanwood.ro\/wp-content\/uploads\/2024\/04\/IMG_8359-300x213.jpeg 300w, https:\/\/lanwood.ro\/wp-content\/uploads\/2024\/04\/IMG_8359-768x545.jpeg 768w, https:\/\/lanwood.ro\/wp-content\/uploads\/2024\/04\/IMG_8359.jpeg 1440w\" sizes=\"(max-width: 1024px) 100vw, 1024px\" \/><\/figure>\n\n\n\n<div style=\"height:var(--wp--preset--spacing--50)\" aria-hidden=\"true\" class=\"wp-block-spacer\"><\/div>\n\n\n\n<figure class=\"wp-block-image size-large is-style-rounded\"><img loading=\"lazy\" decoding=\"async\" width=\"819\" height=\"1024\" src=\"https:\/\/lanwood.ro\/wp-content\/uploads\/2024\/04\/IMG_8344-819x1024.jpeg\" alt=\"\" class=\"wp-image-79\" style=\"aspect-ratio:3\/4;object-fit:cover\" srcset=\"https:\/\/lanwood.ro\/wp-content\/uploads\/2024\/04\/IMG_8344-819x1024.jpeg 819w, https:\/\/lanwood.ro\/wp-content\/uploads\/2024\/04\/IMG_8344-240x300.jpeg 240w, https:\/\/lanwood.ro\/wp-content\/uploads\/2024\/04\/IMG_8344-768x960.jpeg 768w, https:\/\/lanwood.ro\/wp-content\/uploads\/2024\/04\/IMG_8344-1229x1536.jpeg 1229w, https:\/\/lanwood.ro\/wp-content\/uploads\/2024\/04\/IMG_8344.jpeg 1440w\" sizes=\"(max-width: 819px) 100vw, 819px\" \/><\/figure>\n\n\n\n<div style=\"height:var(--wp--preset--spacing--50)\" aria-hidden=\"true\" class=\"wp-block-spacer\"><\/div>\n\n\n\n<figure class=\"wp-block-image size-full is-style-rounded\"><img loading=\"lazy\" decoding=\"async\" width=\"720\" height=\"960\" src=\"https:\/\/lanwood.ro\/wp-content\/uploads\/2024\/04\/IMG_8355.jpeg\" alt=\"\" class=\"wp-image-90\" style=\"aspect-ratio:3\/4;object-fit:cover\" srcset=\"https:\/\/lanwood.ro\/wp-content\/uploads\/2024\/04\/IMG_8355.jpeg 720w, https:\/\/lanwood.ro\/wp-content\/uploads\/2024\/04\/IMG_8355-225x300.jpeg 225w\" sizes=\"(max-width: 720px) 100vw, 720px\" \/><\/figure>\n<\/div>\n\n\n\n<div class=\"wp-block-column is-layout-flow wp-container-core-column-layout-2 wp-block-column-is-layout-flow\">\n<div style=\"height:var(--wp--preset--spacing--50)\" aria-hidden=\"true\" class=\"wp-block-spacer\"><\/div>\n\n\n\n<figure class=\"wp-block-image size-full is-style-rounded\"><img loading=\"lazy\" decoding=\"async\" width=\"960\" height=\"720\" src=\"https:\/\/lanwood.ro\/wp-content\/uploads\/2024\/04\/IMG_8356.jpeg\" alt=\"\" class=\"wp-image-68\" style=\"aspect-ratio:3\/4;object-fit:cover\" srcset=\"https:\/\/lanwood.ro\/wp-content\/uploads\/2024\/04\/IMG_8356.jpeg 960w, https:\/\/lanwood.ro\/wp-content\/uploads\/2024\/04\/IMG_8356-300x225.jpeg 300w, https:\/\/lanwood.ro\/wp-content\/uploads\/2024\/04\/IMG_8356-768x576.jpeg 768w\" sizes=\"(max-width: 960px) 100vw, 960px\" \/><\/figure>\n\n\n\n<div style=\"height:var(--wp--preset--spacing--50)\" aria-hidden=\"true\" class=\"wp-block-spacer\"><\/div>\n\n\n\n<figure class=\"wp-block-image size-large is-style-rounded\"><img loading=\"lazy\" decoding=\"async\" width=\"1024\" height=\"579\" src=\"https:\/\/lanwood.ro\/wp-content\/uploads\/2024\/04\/IMG_8339-1024x579.jpeg\" alt=\"\" class=\"wp-image-74\" style=\"aspect-ratio:1;object-fit:cover\" srcset=\"https:\/\/lanwood.ro\/wp-content\/uploads\/2024\/04\/IMG_8339-1024x579.jpeg 1024w, https:\/\/lanwood.ro\/wp-content\/uploads\/2024\/04\/IMG_8339-300x170.jpeg 300w, https:\/\/lanwood.ro\/wp-content\/uploads\/2024\/04\/IMG_8339-768x434.jpeg 768w, https:\/\/lanwood.ro\/wp-content\/uploads\/2024\/04\/IMG_8339.jpeg 1440w\" sizes=\"(max-width: 1024px) 100vw, 1024px\" \/><\/figure>\n\n\n\n<div style=\"height:var(--wp--preset--spacing--50)\" aria-hidden=\"true\" class=\"wp-block-spacer\"><\/div>\n\n\n\n<figure class=\"wp-block-image size-large is-style-rounded\"><img loading=\"lazy\" decoding=\"async\" width=\"819\" height=\"1024\" src=\"https:\/\/lanwood.ro\/wp-content\/uploads\/2024\/04\/IMG_8343-819x1024.jpeg\" alt=\"\" class=\"wp-image-78\" style=\"aspect-ratio:1;object-fit:cover\" srcset=\"https:\/\/lanwood.ro\/wp-content\/uploads\/2024\/04\/IMG_8343-819x1024.jpeg 819w, https:\/\/lanwood.ro\/wp-content\/uploads\/2024\/04\/IMG_8343-240x300.jpeg 240w, https:\/\/lanwood.ro\/wp-content\/uploads\/2024\/04\/IMG_8343-768x960.jpeg 768w, https:\/\/lanwood.ro\/wp-content\/uploads\/2024\/04\/IMG_8343-1229x1536.jpeg 1229w, https:\/\/lanwood.ro\/wp-content\/uploads\/2024\/04\/IMG_8343.jpeg 1440w\" sizes=\"(max-width: 819px) 100vw, 819px\" \/><\/figure>\n\n\n\n<div style=\"height:var(--wp--preset--spacing--50)\" aria-hidden=\"true\" class=\"wp-block-spacer\"><\/div>\n\n\n\n<figure class=\"wp-block-image size-full is-style-rounded\"><img loading=\"lazy\" decoding=\"async\" width=\"1440\" height=\"1800\" src=\"https:\/\/lanwood.ro\/wp-content\/uploads\/2024\/04\/IMG_8352.jpeg\" alt=\"\" class=\"wp-image-87\" style=\"aspect-ratio:3\/4;object-fit:cover\" srcset=\"https:\/\/lanwood.ro\/wp-content\/uploads\/2024\/04\/IMG_8352.jpeg 1440w, https:\/\/lanwood.ro\/wp-content\/uploads\/2024\/04\/IMG_8352-240x300.jpeg 240w, https:\/\/lanwood.ro\/wp-content\/uploads\/2024\/04\/IMG_8352-819x1024.jpeg 819w, https:\/\/lanwood.ro\/wp-content\/uploads\/2024\/04\/IMG_8352-768x960.jpeg 768w, https:\/\/lanwood.ro\/wp-content\/uploads\/2024\/04\/IMG_8352-1229x1536.jpeg 1229w\" sizes=\"(max-width: 1440px) 100vw, 1440px\" \/><\/figure>\n<\/div>\n\n\n\n<div class=\"wp-block-column is-layout-flow wp-container-core-column-layout-3 wp-block-column-is-layout-flow\">\n<figure class=\"wp-block-image size-large is-style-rounded\"><img loading=\"lazy\" decoding=\"async\" width=\"1024\" height=\"1024\" src=\"https:\/\/lanwood.ro\/wp-content\/uploads\/2024\/04\/IMG_8357-1024x1024.jpeg\" alt=\"\" class=\"wp-image-69\" style=\"aspect-ratio:3\/4;object-fit:cover\" srcset=\"https:\/\/lanwood.ro\/wp-content\/uploads\/2024\/04\/IMG_8357-1024x1024.jpeg 1024w, https:\/\/lanwood.ro\/wp-content\/uploads\/2024\/04\/IMG_8357-300x300.jpeg 300w, https:\/\/lanwood.ro\/wp-content\/uploads\/2024\/04\/IMG_8357-150x150.jpeg 150w, https:\/\/lanwood.ro\/wp-content\/uploads\/2024\/04\/IMG_8357-768x768.jpeg 768w, https:\/\/lanwood.ro\/wp-content\/uploads\/2024\/04\/IMG_8357.jpeg 1440w\" sizes=\"(max-width: 1024px) 100vw, 1024px\" \/><\/figure>\n\n\n\n<div style=\"height:var(--wp--preset--spacing--50)\" aria-hidden=\"true\" class=\"wp-block-spacer\"><\/div>\n\n\n\n<figure class=\"wp-block-image size-large is-style-rounded\"><img loading=\"lazy\" decoding=\"async\" width=\"819\" height=\"1024\" src=\"https:\/\/lanwood.ro\/wp-content\/uploads\/2024\/04\/IMG_8360-819x1024.jpeg\" alt=\"\" class=\"wp-image-72\" style=\"aspect-ratio:3\/4;object-fit:cover\" srcset=\"https:\/\/lanwood.ro\/wp-content\/uploads\/2024\/04\/IMG_8360-819x1024.jpeg 819w, https:\/\/lanwood.ro\/wp-content\/uploads\/2024\/04\/IMG_8360-240x300.jpeg 240w, https:\/\/lanwood.ro\/wp-content\/uploads\/2024\/04\/IMG_8360-768x960.jpeg 768w, https:\/\/lanwood.ro\/wp-content\/uploads\/2024\/04\/IMG_8360-1229x1536.jpeg 1229w, https:\/\/lanwood.ro\/wp-content\/uploads\/2024\/04\/IMG_8360.jpeg 1440w\" sizes=\"(max-width: 819px) 100vw, 819px\" \/><\/figure>\n\n\n\n<div style=\"height:var(--wp--preset--spacing--50)\" aria-hidden=\"true\" class=\"wp-block-spacer\"><\/div>\n\n\n\n<figure class=\"wp-block-image size-large is-resized is-style-rounded\"><img loading=\"lazy\" decoding=\"async\" width=\"819\" height=\"1024\" src=\"https:\/\/lanwood.ro\/wp-content\/uploads\/2024\/04\/IMG_8349-819x1024.jpeg\" alt=\"\" class=\"wp-image-84\" style=\"object-fit:cover;width:273px;height:300px\" srcset=\"https:\/\/lanwood.ro\/wp-content\/uploads\/2024\/04\/IMG_8349-819x1024.jpeg 819w, https:\/\/lanwood.ro\/wp-content\/uploads\/2024\/04\/IMG_8349-240x300.jpeg 240w, https:\/\/lanwood.ro\/wp-content\/uploads\/2024\/04\/IMG_8349-768x960.jpeg 768w, https:\/\/lanwood.ro\/wp-content\/uploads\/2024\/04\/IMG_8349-1229x1536.jpeg 1229w, https:\/\/lanwood.ro\/wp-content\/uploads\/2024\/04\/IMG_8349.jpeg 1440w\" sizes=\"(max-width: 819px) 100vw, 819px\" \/><\/figure>\n\n\n\n<div style=\"height:var(--wp--preset--spacing--50)\" aria-hidden=\"true\" class=\"wp-block-spacer\"><\/div>\n\n\n\n<figure class=\"wp-block-image size-large is-style-rounded\"><img loading=\"lazy\" decoding=\"async\" width=\"819\" height=\"1024\" src=\"https:\/\/lanwood.ro\/wp-content\/uploads\/2024\/04\/IMG_8351-819x1024.jpeg\" alt=\"\" class=\"wp-image-86\" style=\"aspect-ratio:16\/9;object-fit:cover\" srcset=\"https:\/\/lanwood.ro\/wp-content\/uploads\/2024\/04\/IMG_8351-819x1024.jpeg 819w, https:\/\/lanwood.ro\/wp-content\/uploads\/2024\/04\/IMG_8351-240x300.jpeg 240w, https:\/\/lanwood.ro\/wp-content\/uploads\/2024\/04\/IMG_8351-768x960.jpeg 768w, https:\/\/lanwood.ro\/wp-content\/uploads\/2024\/04\/IMG_8351-1229x1536.jpeg 1229w, https:\/\/lanwood.ro\/wp-content\/uploads\/2024\/04\/IMG_8351.jpeg 1440w\" sizes=\"(max-width: 819px) 100vw, 819px\" \/><\/figure>\n<\/div>\n\n\n\n<div class=\"wp-block-column is-layout-flow wp-container-core-column-layout-4 wp-block-column-is-layout-flow\">\n<div style=\"height:var(--wp--preset--spacing--50)\" aria-hidden=\"true\" class=\"wp-block-spacer\"><\/div>\n\n\n\n<figure class=\"wp-block-image size-large is-style-rounded\"><img loading=\"lazy\" decoding=\"async\" width=\"819\" height=\"1024\" src=\"https:\/\/lanwood.ro\/wp-content\/uploads\/2024\/04\/IMG_8358-819x1024.jpeg\" alt=\"\" class=\"wp-image-70\" style=\"aspect-ratio:1;object-fit:cover\" srcset=\"https:\/\/lanwood.ro\/wp-content\/uploads\/2024\/04\/IMG_8358-819x1024.jpeg 819w, https:\/\/lanwood.ro\/wp-content\/uploads\/2024\/04\/IMG_8358-240x300.jpeg 240w, https:\/\/lanwood.ro\/wp-content\/uploads\/2024\/04\/IMG_8358-768x960.jpeg 768w, https:\/\/lanwood.ro\/wp-content\/uploads\/2024\/04\/IMG_8358-1229x1536.jpeg 1229w, https:\/\/lanwood.ro\/wp-content\/uploads\/2024\/04\/IMG_8358.jpeg 1440w\" sizes=\"(max-width: 819px) 100vw, 819px\" \/><\/figure>\n\n\n\n<div style=\"height:var(--wp--preset--spacing--50)\" aria-hidden=\"true\" class=\"wp-block-spacer\"><\/div>\n\n\n\n<figure class=\"wp-block-image size-large is-style-rounded\"><img loading=\"lazy\" decoding=\"async\" width=\"1024\" height=\"579\" src=\"https:\/\/lanwood.ro\/wp-content\/uploads\/2024\/04\/IMG_8338-1024x579.jpeg\" alt=\"\" class=\"wp-image-73\" style=\"aspect-ratio:16\/9;object-fit:cover\" srcset=\"https:\/\/lanwood.ro\/wp-content\/uploads\/2024\/04\/IMG_8338-1024x579.jpeg 1024w, https:\/\/lanwood.ro\/wp-content\/uploads\/2024\/04\/IMG_8338-300x170.jpeg 300w, https:\/\/lanwood.ro\/wp-content\/uploads\/2024\/04\/IMG_8338-768x434.jpeg 768w, https:\/\/lanwood.ro\/wp-content\/uploads\/2024\/04\/IMG_8338.jpeg 1440w\" sizes=\"(max-width: 1024px) 100vw, 1024px\" \/><\/figure>\n\n\n\n<div style=\"height:var(--wp--preset--spacing--50)\" aria-hidden=\"true\" class=\"wp-block-spacer\"><\/div>\n\n\n\n<figure class=\"wp-block-image size-large is-style-rounded\"><img loading=\"lazy\" decoding=\"async\" width=\"819\" height=\"1024\" src=\"https:\/\/lanwood.ro\/wp-content\/uploads\/2024\/04\/IMG_8348-819x1024.jpeg\" alt=\"\" class=\"wp-image-83\" style=\"aspect-ratio:9\/16;object-fit:cover\" srcset=\"https:\/\/lanwood.ro\/wp-content\/uploads\/2024\/04\/IMG_8348-819x1024.jpeg 819w, https:\/\/lanwood.ro\/wp-content\/uploads\/2024\/04\/IMG_8348-240x300.jpeg 240w, https:\/\/lanwood.ro\/wp-content\/uploads\/2024\/04\/IMG_8348-768x960.jpeg 768w, https:\/\/lanwood.ro\/wp-content\/uploads\/2024\/04\/IMG_8348-1229x1536.jpeg 1229w, https:\/\/lanwood.ro\/wp-content\/uploads\/2024\/04\/IMG_8348.jpeg 1440w\" sizes=\"(max-width: 819px) 100vw, 819px\" \/><\/figure>\n\n\n\n<div style=\"height:var(--wp--preset--spacing--50)\" aria-hidden=\"true\" class=\"wp-block-spacer\"><\/div>\n\n\n\n<figure class=\"wp-block-image size-large is-style-rounded\"><img loading=\"lazy\" decoding=\"async\" width=\"1003\" height=\"1024\" src=\"https:\/\/lanwood.ro\/wp-content\/uploads\/2024\/04\/IMG_8341-1003x1024.jpeg\" alt=\"\" class=\"wp-image-76\" style=\"aspect-ratio:1;object-fit:cover\" srcset=\"https:\/\/lanwood.ro\/wp-content\/uploads\/2024\/04\/IMG_8341-1003x1024.jpeg 1003w, https:\/\/lanwood.ro\/wp-content\/uploads\/2024\/04\/IMG_8341-294x300.jpeg 294w, https:\/\/lanwood.ro\/wp-content\/uploads\/2024\/04\/IMG_8341-768x784.jpeg 768w, https:\/\/lanwood.ro\/wp-content\/uploads\/2024\/04\/IMG_8341.jpeg 1082w\" sizes=\"(max-width: 1003px) 100vw, 1003px\" \/><\/figure>\n<\/div>\n<\/div>\n<\/div>\n\n\n\n<div class=\"wp-block-group alignfull has-global-padding is-layout-constrained wp-block-group-is-layout-constrained\" style=\"margin-top:0;margin-bottom:0;padding-top:var(--wp--preset--spacing--50);padding-right:var(--wp--preset--spacing--50);padding-bottom:var(--wp--preset--spacing--50);padding-left:var(--wp--preset--spacing--50)\">\n<div class=\"wp-block-columns alignwide are-vertically-aligned-center is-layout-flex wp-container-core-columns-layout-2 wp-block-columns-is-layout-flex\">\n<div class=\"wp-block-column is-vertically-aligned-center is-layout-flow wp-block-column-is-layout-flow\" style=\"flex-basis:50%\">\n<h2 class=\"wp-block-heading has-large-font-size\">Contacta\u021bi-ne ast\u0103zi pentru a afla cum putem contribui la succesul proiectului dvs. \u0219i pentru a descoperi avantajele prelucr\u0103rii lemnului cu tehnologie CNC. Suntem aici s\u0103 v\u0103 ajut\u0103m s\u0103 transforma\u021bi ideile \u00een realitate!<\/h2>\n\n\n\n<ul style=\"line-height:1.75\" class=\"is-style-checkmark-list\">\n<li><a href=\"https:\/\/www.instagram.com\/_lanwood\/\">instagram<\/a><\/li>\n\n\n\n<li><a href=\"https:\/\/www.tiktok.com\/@lanwood22\">tiktok<\/a><\/li>\n\n\n\n<li><a href=\"https:\/\/www.facebook.com\/profile.php?id=100029087689005\">facebook<\/a><\/li>\n<\/ul>\n\n\n\n<div class=\"wp-block-buttons is-layout-flex wp-block-buttons-is-layout-flex\">\n<div class=\"wp-block-button\"><a class=\"wp-block-button__link wp-element-button\" href=\"tel:0766234615\">Sun\u0103<\/a><\/div>\n\n\n\n<div class=\"wp-block-button is-style-outline\"><a class=\"wp-block-button__link wp-element-button\" href=\"https:\/\/wa.me\/message\/NXEU4EM5LHTPC1\" target=\"_blank\" rel=\"noreferrer noopener\">Whatsapp<\/a><\/div>\n<\/div>\n<\/div>\n\n\n\n<div class=\"wp-block-column is-vertically-aligned-center is-layout-flow wp-block-column-is-layout-flow\" style=\"flex-basis:50%\">\n<figure class=\"wp-block-image size-full is-resized\"><img loading=\"lazy\" decoding=\"async\" width=\"1440\" height=\"1022\" src=\"https:\/\/lanwood.ro\/wp-content\/uploads\/2024\/04\/IMG_8359.jpeg\" alt=\"\" class=\"wp-image-71\" style=\"width:587px;height:auto\" srcset=\"https:\/\/lanwood.ro\/wp-content\/uploads\/2024\/04\/IMG_8359.jpeg 1440w, https:\/\/lanwood.ro\/wp-content\/uploads\/2024\/04\/IMG_8359-300x213.jpeg 300w, https:\/\/lanwood.ro\/wp-content\/uploads\/2024\/04\/IMG_8359-1024x727.jpeg 1024w, https:\/\/lanwood.ro\/wp-content\/uploads\/2024\/04\/IMG_8359-768x545.jpeg 768w\" sizes=\"(max-width: 1440px) 100vw, 1440px\" \/><\/figure>\n<\/div>\n<\/div>\n<\/div>\n","protected":false},"excerpt":{"rendered":"<p>Contacta\u021bi-ne ast\u0103zi pentru a afla cum putem contribui la succesul proiectului dvs. \u0219i pentru a descoperi avantajele prelucr\u0103rii lemnului cu tehnologie CNC. Suntem aici s\u0103 v\u0103 ajut\u0103m s\u0103 transforma\u021bi ideile \u00een realitate!<\/p>\n","protected":false},"author":1,"featured_media":0,"parent":0,"menu_order":0,"comment_status":"closed","ping_status":"closed","template":"","meta":{"footnotes":""},"_links":{"self":[{"href":"https:\/\/lanwood.ro\/index.php\/wp-json\/wp\/v2\/pages\/117"}],"collection":[{"href":"https:\/\/lanwood.ro\/index.php\/wp-json\/wp\/v2\/pages"}],"about":[{"href":"https:\/\/lanwood.ro\/index.php\/wp-json\/wp\/v2\/types\/page"}],"author":[{"embeddable":true,"href":"https:\/\/lanwood.ro\/index.php\/wp-json\/wp\/v2\/users\/1"}],"replies":[{"embeddable":true,"href":"https:\/\/lanwood.ro\/index.php\/wp-json\/wp\/v2\/comments?post=117"}],"version-history":[{"count":5,"href":"https:\/\/lanwood.ro\/index.php\/wp-json\/wp\/v2\/pages\/117\/revisions"}],"predecessor-version":[{"id":129,"href":"https:\/\/lanwood.ro\/index.php\/wp-json\/wp\/v2\/pages\/117\/revisions\/129"}],"wp:attachment":[{"href":"https:\/\/lanwood.ro\/index.php\/wp-json\/wp\/v2\/media?parent=117"}],"curies":[{"name":"wp","href":"https:\/\/api.w.org\/{rel}","templated":true}]}}