{"id":6,"date":"2024-02-04T16:21:06","date_gmt":"2024-02-04T16:21:06","guid":{"rendered":"https:\/\/lanwood.ro\/?page_id=6"},"modified":"2024-04-15T07:17:13","modified_gmt":"2024-04-15T07:17:13","slug":"6-2","status":"publish","type":"page","link":"https:\/\/lanwood.ro\/","title":{"rendered":"Despre noi"},"content":{"rendered":"\n<div class=\"wp-block-group alignfull has-accent-background-color has-background has-global-padding is-layout-constrained wp-block-group-is-layout-constrained\" style=\"margin-top:0;margin-bottom:0;padding-top:var(--wp--preset--spacing--50);padding-right:var(--wp--preset--spacing--50);padding-bottom:var(--wp--preset--spacing--50);padding-left:var(--wp--preset--spacing--50)\">\n<div class=\"wp-block-columns alignwide is-layout-flex wp-container-core-columns-layout-1 wp-block-columns-is-layout-flex\">\n<div class=\"wp-block-column is-vertically-aligned-stretch is-layout-flow wp-block-column-is-layout-flow\" style=\"flex-basis:50%\">\n<div class=\"wp-block-group is-vertical is-content-justification-stretch is-layout-flex wp-container-core-group-layout-2 wp-block-group-is-layout-flex\" style=\"min-height:100%\">\n<p class=\"has-heading-font-family has-large-font-size\" style=\"line-height:1.2\"><strong>Bine a\u021bi venit la LanWood<\/strong><\/p>\n\n\n\n<div class=\"wp-block-group has-global-padding is-content-justification-left is-layout-constrained wp-container-core-group-layout-1 wp-block-group-is-layout-constrained\">\n<p class=\"has-small-font-size wp-container-content-1\"><em>Cu o experien\u021b\u0103 vast\u0103 \u00een industria prelucr\u0103rii lemnului \u0219i echipa noastr\u0103 de profesioni\u0219ti talenta\u021bi, suntem specializa\u021bi \u00een utilizarea tehnologiei CNC pentru a crea produsele din lemn cele mai precise \u0219i de cea mai bun\u0103 calitate. Utilajele noastre CNC de ultim\u0103 genera\u021bie ne permit s\u0103 realiz\u0103m t\u0103ieturi complexe, modele intricate \u0219i finisaje impecabile, garant\u00e2nd rezultatele dorite de clien\u021bii no\u0219tri.<\/em><\/p>\n\n\n\n<div class=\"wp-block-buttons is-layout-flex wp-block-buttons-is-layout-flex\">\n<div class=\"wp-block-button\"><a class=\"wp-block-button__link wp-element-button\" href=\"https:\/\/lanwood.ro\/index.php\/portofoliul-lanwood\/\">Portofoliu<\/a><\/div>\n<\/div>\n<\/div>\n<\/div>\n<\/div>\n\n\n\n<div class=\"wp-block-column is-vertically-aligned-center is-layout-flow wp-block-column-is-layout-flow\" style=\"flex-basis:50%\">\n<figure class=\"wp-block-gallery has-nested-images columns-default is-cropped wp-block-gallery-2 is-layout-flex wp-block-gallery-is-layout-flex\">\n<figure class=\"wp-block-image size-large\"><img loading=\"lazy\" decoding=\"async\" width=\"971\" height=\"1024\" src=\"https:\/\/lanwood.ro\/wp-content\/uploads\/2024\/04\/IMG_8340-971x1024.jpeg\" alt=\"\" class=\"wp-image-75\" srcset=\"https:\/\/lanwood.ro\/wp-content\/uploads\/2024\/04\/IMG_8340-971x1024.jpeg 971w, https:\/\/lanwood.ro\/wp-content\/uploads\/2024\/04\/IMG_8340-284x300.jpeg 284w, https:\/\/lanwood.ro\/wp-content\/uploads\/2024\/04\/IMG_8340-768x810.jpeg 768w, https:\/\/lanwood.ro\/wp-content\/uploads\/2024\/04\/IMG_8340.jpeg 1440w\" sizes=\"(max-width: 971px) 100vw, 971px\" \/><\/figure>\n<\/figure>\n<\/div>\n<\/div>\n<\/div>\n\n\n\n<div class=\"wp-block-group alignfull has-base-background-color has-background has-global-padding is-layout-constrained wp-block-group-is-layout-constrained\" style=\"margin-top:0;margin-bottom:0;padding-top:var(--wp--preset--spacing--50);padding-right:var(--wp--preset--spacing--50);padding-bottom:var(--wp--preset--spacing--50);padding-left:var(--wp--preset--spacing--50)\">\n<div class=\"wp-block-columns alignwide is-layout-flex wp-container-core-columns-layout-3 wp-block-columns-is-layout-flex\">\n<div class=\"wp-block-column has-global-padding is-content-justification-left is-layout-constrained wp-container-core-column-layout-3 wp-block-column-is-layout-constrained\" style=\"flex-basis:40%\">\n<p>Despre noi, <strong>lanwood<\/strong><\/p>\n<\/div>\n\n\n\n<div class=\"wp-block-column is-layout-flow wp-container-core-column-layout-6 wp-block-column-is-layout-flow\" style=\"flex-basis:60%\">\n<p class=\"has-heading-font-family has-x-large-font-size\" style=\"line-height:1.2\">Creativitatea \u0219i precizia definesc echipa noastr\u0103. <\/p>\n\n\n\n<div class=\"wp-block-columns is-layout-flex wp-container-core-columns-layout-2 wp-block-columns-is-layout-flex\">\n<div class=\"wp-block-column is-layout-flow wp-block-column-is-layout-flow\">\n<p class=\"wp-container-content-3\">Indiferent dac\u0103 sunte\u021bi \u00een c\u0103utarea de componente personalizate pentru mobilier, decoruri arhitecturale sau orice alt proiect care implic\u0103 lemnul, suntem aici pentru a v\u0103 ajuta s\u0103 v\u0103 materializa\u021bi viziunea.<\/p>\n<\/div>\n\n\n\n<div class=\"wp-block-column is-layout-flow wp-block-column-is-layout-flow\">\n<p> Fie c\u0103 ave\u021bi nevoie de prelucrare pe scar\u0103 mic\u0103 sau de produc\u021bie \u00een mas\u0103, avem capacitatea \u0219i expertiza necesar\u0103 pentru a v\u0103 satisface cerin\u021bele \u00een timp util \u0219i la standarde ridicate de calitate.<\/p>\n<\/div>\n<\/div>\n<\/div>\n<\/div>\n<\/div>\n\n\n\n<div class=\"wp-block-group alignfull has-accent-5-background-color has-background has-global-padding is-layout-constrained wp-block-group-is-layout-constrained\" style=\"margin-top:0;margin-bottom:0;padding-top:var(--wp--preset--spacing--30);padding-right:var(--wp--preset--spacing--50);padding-bottom:var(--wp--preset--spacing--30);padding-left:var(--wp--preset--spacing--50)\">\n<div class=\"wp-block-columns alignwide is-layout-flex wp-container-core-columns-layout-4 wp-block-columns-is-layout-flex\">\n<div class=\"wp-block-column is-vertically-aligned-center is-layout-flow wp-block-column-is-layout-flow\" style=\"flex-basis:60%\">\n<figure class=\"wp-block-image size-full\"><img loading=\"lazy\" decoding=\"async\" width=\"2560\" height=\"1440\" src=\"https:\/\/lanwood.ro\/wp-content\/uploads\/2024\/04\/image00001-scaled.jpeg\" alt=\"\" class=\"wp-image-62\" srcset=\"https:\/\/lanwood.ro\/wp-content\/uploads\/2024\/04\/image00001-scaled.jpeg 2560w, https:\/\/lanwood.ro\/wp-content\/uploads\/2024\/04\/image00001-300x169.jpeg 300w, https:\/\/lanwood.ro\/wp-content\/uploads\/2024\/04\/image00001-1024x576.jpeg 1024w, https:\/\/lanwood.ro\/wp-content\/uploads\/2024\/04\/image00001-768x432.jpeg 768w, https:\/\/lanwood.ro\/wp-content\/uploads\/2024\/04\/image00001-1536x864.jpeg 1536w, https:\/\/lanwood.ro\/wp-content\/uploads\/2024\/04\/image00001-2048x1152.jpeg 2048w\" sizes=\"(max-width: 2560px) 100vw, 2560px\" \/><\/figure>\n<\/div>\n\n\n\n<div class=\"wp-block-column is-layout-flow wp-block-column-is-layout-flow\" style=\"flex-basis:40%\">\n<h2 class=\"wp-block-heading\">Solu\u021bii<\/h2>\n\n\n\n<p>La LanWood, ne angaj\u0103m s\u0103 oferim servicii personalizate \u0219i solu\u021bii adaptate la fiecare proiect \u00een parte. Colabor\u0103m str\u00e2ns cu clien\u021bii no\u0219tri pentru a \u00een\u021belege nevoile lor \u0219i pentru a oferi solu\u021bii inovatoare \u0219i eficiente. Fiabilitatea, precizia \u0219i calitatea sunt valorile noastre fundamentale, iar fiecare produs care iese din atelierul nostru reprezint\u0103 angajamentul nostru pentru excelen\u021b\u0103.<\/p>\n\n\n\n<div class=\"wp-block-buttons is-layout-flex wp-block-buttons-is-layout-flex\">\n<div class=\"wp-block-button\"><a class=\"wp-block-button__link wp-element-button\" href=\"https:\/\/wa.me\/message\/NXEU4EM5LHTPC1\" target=\"_blank\" rel=\"noreferrer noopener\">Contact Whatsapp<\/a><\/div>\n<\/div>\n<\/div>\n<\/div>\n\n\n\n<div class=\"wp-block-group alignfull has-global-padding is-layout-constrained wp-block-group-is-layout-constrained\" style=\"margin-top:var(--wp--preset--spacing--30);margin-bottom:var(--wp--preset--spacing--30);padding-top:0;padding-right:0;padding-bottom:0;padding-left:0\">\n<div class=\"wp-block-columns alignwide is-layout-flex wp-container-core-columns-layout-5 wp-block-columns-is-layout-flex\" style=\"margin-top:0;margin-bottom:0\">\n<div class=\"wp-block-column is-layout-flow wp-container-core-column-layout-9 wp-block-column-is-layout-flow\">\n<figure class=\"wp-block-image size-large is-style-rounded\"><img loading=\"lazy\" decoding=\"async\" width=\"1024\" height=\"768\" src=\"https:\/\/lanwood.ro\/wp-content\/uploads\/2024\/04\/IMG_8353-1024x768.jpeg\" alt=\"\" class=\"wp-image-65\" style=\"aspect-ratio:4\/3;object-fit:cover\" srcset=\"https:\/\/lanwood.ro\/wp-content\/uploads\/2024\/04\/IMG_8353-1024x768.jpeg 1024w, https:\/\/lanwood.ro\/wp-content\/uploads\/2024\/04\/IMG_8353-300x225.jpeg 300w, https:\/\/lanwood.ro\/wp-content\/uploads\/2024\/04\/IMG_8353-768x576.jpeg 768w, https:\/\/lanwood.ro\/wp-content\/uploads\/2024\/04\/IMG_8353.jpeg 1440w\" sizes=\"(max-width: 1024px) 100vw, 1024px\" \/><\/figure>\n\n\n\n<div style=\"height:var(--wp--preset--spacing--50)\" aria-hidden=\"true\" class=\"wp-block-spacer\"><\/div>\n\n\n\n<figure class=\"wp-block-image size-large is-style-rounded\"><img loading=\"lazy\" decoding=\"async\" width=\"1024\" height=\"727\" src=\"https:\/\/lanwood.ro\/wp-content\/uploads\/2024\/04\/IMG_8359-1024x727.jpeg\" alt=\"\" class=\"wp-image-71\" style=\"aspect-ratio:3\/4;object-fit:cover\" srcset=\"https:\/\/lanwood.ro\/wp-content\/uploads\/2024\/04\/IMG_8359-1024x727.jpeg 1024w, https:\/\/lanwood.ro\/wp-content\/uploads\/2024\/04\/IMG_8359-300x213.jpeg 300w, https:\/\/lanwood.ro\/wp-content\/uploads\/2024\/04\/IMG_8359-768x545.jpeg 768w, https:\/\/lanwood.ro\/wp-content\/uploads\/2024\/04\/IMG_8359.jpeg 1440w\" sizes=\"(max-width: 1024px) 100vw, 1024px\" \/><\/figure>\n<\/div>\n\n\n\n<div class=\"wp-block-column is-layout-flow wp-container-core-column-layout-10 wp-block-column-is-layout-flow\">\n<div style=\"height:var(--wp--preset--spacing--50)\" aria-hidden=\"true\" class=\"wp-block-spacer\"><\/div>\n\n\n\n<figure class=\"wp-block-image size-full is-style-rounded\"><img loading=\"lazy\" decoding=\"async\" width=\"960\" height=\"720\" src=\"https:\/\/lanwood.ro\/wp-content\/uploads\/2024\/04\/IMG_8356.jpeg\" alt=\"\" class=\"wp-image-68\" style=\"aspect-ratio:3\/4;object-fit:cover\" srcset=\"https:\/\/lanwood.ro\/wp-content\/uploads\/2024\/04\/IMG_8356.jpeg 960w, https:\/\/lanwood.ro\/wp-content\/uploads\/2024\/04\/IMG_8356-300x225.jpeg 300w, https:\/\/lanwood.ro\/wp-content\/uploads\/2024\/04\/IMG_8356-768x576.jpeg 768w\" sizes=\"(max-width: 960px) 100vw, 960px\" \/><\/figure>\n\n\n\n<div style=\"height:var(--wp--preset--spacing--50)\" aria-hidden=\"true\" class=\"wp-block-spacer\"><\/div>\n<\/div>\n\n\n\n<div class=\"wp-block-column is-layout-flow wp-container-core-column-layout-11 wp-block-column-is-layout-flow\">\n<figure class=\"wp-block-image size-large is-style-rounded\"><img loading=\"lazy\" decoding=\"async\" width=\"1024\" height=\"1024\" src=\"https:\/\/lanwood.ro\/wp-content\/uploads\/2024\/04\/IMG_8357-1024x1024.jpeg\" alt=\"\" class=\"wp-image-69\" style=\"aspect-ratio:3\/4;object-fit:cover\" srcset=\"https:\/\/lanwood.ro\/wp-content\/uploads\/2024\/04\/IMG_8357-1024x1024.jpeg 1024w, https:\/\/lanwood.ro\/wp-content\/uploads\/2024\/04\/IMG_8357-300x300.jpeg 300w, https:\/\/lanwood.ro\/wp-content\/uploads\/2024\/04\/IMG_8357-150x150.jpeg 150w, https:\/\/lanwood.ro\/wp-content\/uploads\/2024\/04\/IMG_8357-768x768.jpeg 768w, https:\/\/lanwood.ro\/wp-content\/uploads\/2024\/04\/IMG_8357.jpeg 1440w\" sizes=\"(max-width: 1024px) 100vw, 1024px\" \/><\/figure>\n\n\n\n<div style=\"height:var(--wp--preset--spacing--50)\" aria-hidden=\"true\" class=\"wp-block-spacer\"><\/div>\n\n\n\n<figure class=\"wp-block-image size-large is-style-rounded\"><img loading=\"lazy\" decoding=\"async\" width=\"576\" height=\"1024\" src=\"https:\/\/lanwood.ro\/wp-content\/uploads\/2024\/04\/IMG_8347-576x1024.jpeg\" alt=\"\" class=\"wp-image-82\" style=\"aspect-ratio:16\/9;object-fit:cover\" srcset=\"https:\/\/lanwood.ro\/wp-content\/uploads\/2024\/04\/IMG_8347-576x1024.jpeg 576w, https:\/\/lanwood.ro\/wp-content\/uploads\/2024\/04\/IMG_8347-169x300.jpeg 169w, https:\/\/lanwood.ro\/wp-content\/uploads\/2024\/04\/IMG_8347-768x1365.jpeg 768w, https:\/\/lanwood.ro\/wp-content\/uploads\/2024\/04\/IMG_8347-864x1536.jpeg 864w, https:\/\/lanwood.ro\/wp-content\/uploads\/2024\/04\/IMG_8347.jpeg 1152w\" sizes=\"(max-width: 576px) 100vw, 576px\" \/><\/figure>\n<\/div>\n\n\n\n<div class=\"wp-block-column is-layout-flow wp-container-core-column-layout-12 wp-block-column-is-layout-flow\">\n<div style=\"height:var(--wp--preset--spacing--50)\" aria-hidden=\"true\" class=\"wp-block-spacer\"><\/div>\n\n\n\n<figure class=\"wp-block-image size-large is-style-rounded\"><img loading=\"lazy\" decoding=\"async\" width=\"819\" height=\"1024\" src=\"https:\/\/lanwood.ro\/wp-content\/uploads\/2024\/04\/IMG_8358-819x1024.jpeg\" alt=\"\" class=\"wp-image-70\" style=\"aspect-ratio:1;object-fit:cover\" srcset=\"https:\/\/lanwood.ro\/wp-content\/uploads\/2024\/04\/IMG_8358-819x1024.jpeg 819w, https:\/\/lanwood.ro\/wp-content\/uploads\/2024\/04\/IMG_8358-240x300.jpeg 240w, https:\/\/lanwood.ro\/wp-content\/uploads\/2024\/04\/IMG_8358-768x960.jpeg 768w, https:\/\/lanwood.ro\/wp-content\/uploads\/2024\/04\/IMG_8358-1229x1536.jpeg 1229w, https:\/\/lanwood.ro\/wp-content\/uploads\/2024\/04\/IMG_8358.jpeg 1440w\" sizes=\"(max-width: 819px) 100vw, 819px\" \/><\/figure>\n\n\n\n<div style=\"height:var(--wp--preset--spacing--50)\" aria-hidden=\"true\" class=\"wp-block-spacer\"><\/div>\n\n\n\n<figure class=\"wp-block-image size-large is-style-rounded\"><img loading=\"lazy\" decoding=\"async\" width=\"1024\" height=\"579\" src=\"https:\/\/lanwood.ro\/wp-content\/uploads\/2024\/04\/IMG_8338-1024x579.jpeg\" alt=\"\" class=\"wp-image-73\" style=\"aspect-ratio:16\/9;object-fit:cover\" srcset=\"https:\/\/lanwood.ro\/wp-content\/uploads\/2024\/04\/IMG_8338-1024x579.jpeg 1024w, https:\/\/lanwood.ro\/wp-content\/uploads\/2024\/04\/IMG_8338-300x170.jpeg 300w, https:\/\/lanwood.ro\/wp-content\/uploads\/2024\/04\/IMG_8338-768x434.jpeg 768w, https:\/\/lanwood.ro\/wp-content\/uploads\/2024\/04\/IMG_8338.jpeg 1440w\" sizes=\"(max-width: 1024px) 100vw, 1024px\" \/><\/figure>\n<\/div>\n<\/div>\n<\/div>\n\n\n\n<div class=\"wp-block-buttons is-content-justification-center is-layout-flex wp-container-core-buttons-layout-3 wp-block-buttons-is-layout-flex\">\n<div class=\"wp-block-button\"><a class=\"wp-block-button__link wp-element-button\" href=\"https:\/\/lanwood.ro\/index.php\/portofoliul-lanwood\/\" target=\"_blank\" rel=\"noreferrer noopener\">Vezi mai multe proiecte<\/a><\/div>\n<\/div>\n<\/div>\n\n\n\n\n\n<div class=\"wp-block-group alignfull has-global-padding is-layout-constrained wp-block-group-is-layout-constrained\" style=\"margin-top:0;margin-bottom:0;padding-top:var(--wp--preset--spacing--50);padding-right:var(--wp--preset--spacing--50);padding-bottom:var(--wp--preset--spacing--50);padding-left:var(--wp--preset--spacing--50)\">\n<div class=\"wp-block-columns alignwide are-vertically-aligned-center is-layout-flex wp-container-core-columns-layout-6 wp-block-columns-is-layout-flex\">\n<div class=\"wp-block-column is-vertically-aligned-center is-layout-flow wp-block-column-is-layout-flow\" style=\"flex-basis:50%\">\n<h2 class=\"wp-block-heading has-large-font-size\">Contacta\u021bi-ne ast\u0103zi pentru a afla cum putem contribui la succesul proiectului dvs. \u0219i pentru a descoperi avantajele prelucr\u0103rii lemnului cu tehnologie CNC. Suntem aici s\u0103 v\u0103 ajut\u0103m s\u0103 transforma\u021bi ideile \u00een realitate!<\/h2>\n\n\n\n<ul style=\"line-height:1.75\" class=\"is-style-checkmark-list\">\n<li><a href=\"https:\/\/www.instagram.com\/_lanwood\/\">instagram<\/a><\/li>\n\n\n\n<li><a href=\"https:\/\/www.tiktok.com\/@lanwood22\">tiktok<\/a><\/li>\n\n\n\n<li><a href=\"https:\/\/www.facebook.com\/profile.php?id=100029087689005\">facebook<\/a><\/li>\n<\/ul>\n\n\n\n<div class=\"wp-block-buttons is-layout-flex wp-block-buttons-is-layout-flex\">\n<div class=\"wp-block-button\"><a class=\"wp-block-button__link wp-element-button\" href=\"tel:0766234615\">Sun\u0103<\/a><\/div>\n\n\n\n<div class=\"wp-block-button is-style-outline\"><a class=\"wp-block-button__link wp-element-button\" href=\"https:\/\/wa.me\/message\/NXEU4EM5LHTPC1\" target=\"_blank\" rel=\"noreferrer noopener\">Whatsapp<\/a><\/div>\n<\/div>\n<\/div>\n\n\n\n<div class=\"wp-block-column is-vertically-aligned-center is-layout-flow wp-block-column-is-layout-flow\" style=\"flex-basis:50%\">\n<figure class=\"wp-block-image size-full is-resized\"><img loading=\"lazy\" decoding=\"async\" width=\"1440\" height=\"1022\" src=\"https:\/\/lanwood.ro\/wp-content\/uploads\/2024\/04\/IMG_8359.jpeg\" alt=\"\" class=\"wp-image-71\" style=\"width:587px;height:auto\" srcset=\"https:\/\/lanwood.ro\/wp-content\/uploads\/2024\/04\/IMG_8359.jpeg 1440w, https:\/\/lanwood.ro\/wp-content\/uploads\/2024\/04\/IMG_8359-300x213.jpeg 300w, https:\/\/lanwood.ro\/wp-content\/uploads\/2024\/04\/IMG_8359-1024x727.jpeg 1024w, https:\/\/lanwood.ro\/wp-content\/uploads\/2024\/04\/IMG_8359-768x545.jpeg 768w\" sizes=\"(max-width: 1440px) 100vw, 1440px\" \/><\/figure>\n<\/div>\n<\/div>\n<\/div>\n","protected":false},"excerpt":{"rendered":"<p>Bine a\u021bi venit la LanWood Cu o experien\u021b\u0103 vast\u0103 \u00een industria prelucr\u0103rii lemnului \u0219i echipa noastr\u0103 de profesioni\u0219ti talenta\u021bi, suntem specializa\u021bi \u00een utilizarea tehnologiei CNC pentru a crea produsele din lemn cele mai precise \u0219i de cea mai bun\u0103 calitate. Utilajele noastre CNC de ultim\u0103 genera\u021bie ne permit s\u0103 realiz\u0103m t\u0103ieturi complexe, modele intricate \u0219i [&hellip;]<\/p>\n","protected":false},"author":1,"featured_media":0,"parent":0,"menu_order":0,"comment_status":"closed","ping_status":"closed","template":"page-no-title","meta":{"footnotes":""},"_links":{"self":[{"href":"https:\/\/lanwood.ro\/index.php\/wp-json\/wp\/v2\/pages\/6"}],"collection":[{"href":"https:\/\/lanwood.ro\/index.php\/wp-json\/wp\/v2\/pages"}],"about":[{"href":"https:\/\/lanwood.ro\/index.php\/wp-json\/wp\/v2\/types\/page"}],"author":[{"embeddable":true,"href":"https:\/\/lanwood.ro\/index.php\/wp-json\/wp\/v2\/users\/1"}],"replies":[{"embeddable":true,"href":"https:\/\/lanwood.ro\/index.php\/wp-json\/wp\/v2\/comments?post=6"}],"version-history":[{"count":29,"href":"https:\/\/lanwood.ro\/index.php\/wp-json\/wp\/v2\/pages\/6\/revisions"}],"predecessor-version":[{"id":133,"href":"https:\/\/lanwood.ro\/index.php\/wp-json\/wp\/v2\/pages\/6\/revisions\/133"}],"wp:attachment":[{"href":"https:\/\/lanwood.ro\/index.php\/wp-json\/wp\/v2\/media?parent=6"}],"curies":[{"name":"wp","href":"https:\/\/api.w.org\/{rel}","templated":true}]}}